{"id":101,"date":"2010-02-18T11:42:14","date_gmt":"2010-02-18T15:42:14","guid":{"rendered":"http:\/\/frutasselectasdelvalle.com\/?page_id=101"},"modified":"2010-04-07T11:33:57","modified_gmt":"2010-04-07T15:33:57","slug":"papaya","status":"publish","type":"page","link":"https:\/\/frutasselectasdelvalle.com\/index.php\/productos\/papaya\/","title":{"rendered":"Papaya"},"content":{"rendered":"<p style=\"text-align: justify;\"><img loading=\"lazy\" class=\"size-full wp-image-239 aligncenter\" title=\"PAPAYA\" src=\"http:\/\/frutasselectasdelvalle.com\/wp-content\/uploads\/2010\/02\/PAPAYA.jpg\" alt=\"PAPAYA\" width=\"500\" height=\"717\" srcset=\"https:\/\/frutasselectasdelvalle.com\/wp-content\/uploads\/2010\/02\/PAPAYA.jpg 500w, https:\/\/frutasselectasdelvalle.com\/wp-content\/uploads\/2010\/02\/PAPAYA-209x300.jpg 209w\" sizes=\"(max-width: 500px) 100vw, 500px\" \/>Es una planta de origen centroamericano, conocida y empleada en toda Am\u00e9rica desde hace varios siglos, aunque hoy d\u00eda se cultiva en muchos pa\u00edses de otros continentes.<\/p>\n<p style=\"text-align: justify;\">La planta posee un tronco sin ramas (por lo general solo ramifica si su tronco es herido), de una altura entre 1,8 y 6 m, coronado por follaje en forma palmeada, provisto de largos pec\u00edolos. El mismo conserva aun en los espec\u00edmenes maduros una textura suculenta y turgente, escasamente le\u00f1osa; y presenta numerosas cicatrices caracter\u00edsticas, producto del crecimiento y ca\u00edda consecutivas del follaje superior. La savia es de consistencia lechosa (de aqu\u00ed su nombre de lechosa), y t\u00f3xica en estado natural para el ser humano, pudiendo producir irritaciones al\u00e9rgicas con el contacto con la piel. Esta savia lechosa contiene una enzima muy \u00fatil, la papa\u00edna, empleada como ablandador de carnes: en las parrillas o barbacoas se emplea el jugo que fluye al cortar la corteza de la lechosa verde para rociarlo sobre la carne a la cual deja sumamente tierna y jugosa.<\/p>\n<p style=\"text-align: justify;\">Las hojas de tipo palmeadas poseen largos ped\u00fanculos y l\u00f3bulos, midiendo las hojas hasta 24 cm de di\u00e1metro y los tallos alrededor de 61 cm de largo.<\/p>\n<p style=\"text-align: justify;\">Los frutos poseen una textura suave y una forma oblonga, y pueden ser de color verde, amarillo, naranja o rosa. Pudiendo pesar hasta 9 kg, en la mayor\u00eda de los casos no suelen pesar m\u00e1s de 500 o 600 g, especialmente en una variedad de cultivo de plantas enanas, muy productivas y destinadas generalmente a la exportaci\u00f3n, por su mayor duraci\u00f3n despu\u00e9s de la cosecha y antes de su consumo.  La talla de los frutos disminuye en funci\u00f3n de la edad de la planta.  Los frutos y las flores se desarrollan en racimos justo debajo de la inserci\u00f3n de los tallos de las hojas palmeadas.  No es exigente en cuanto a suelos, pudiendo desarrollarse en cualquier terreno.  Es una de las plantas m\u00e1s productivas con relaci\u00f3n a su tama\u00f1o ya que siempre tiene flores y frutos al mismo tiempo.  El desarrollo de los frutos produce la ca\u00edda de las hojas inferiores, por lo que quedan siempre al descubierto por debajo de las hojas.<\/p>\n<p style=\"text-align: justify;\">La papaya es conocida como fruta de consumo, tanto en forma directa como en jugos y dulces (elaborados con la fruta verde cocinada con az\u00facar), y tiene unas magn\u00edficas propiedades para facilitar la digesti\u00f3n de alimentos de dif\u00edcil asimilaci\u00f3n, debido a su alto contenido de papa\u00edna. Se ha empleado esta fruta (principalmente en forma de batidos) principalmente para el tratamiento de trastornos gastrointestinales (principalmente gastritis o \u00falceras g\u00e1stricas o duodenales); as\u00ed como para patolog\u00edas como la diverticulitis del colon. Tambi\u00e9n es buen cicatrizante, ayudando a curar las aftas bucales. De esta enzima llamada papa\u00edna se producen m\u00e1s de 1000 toneladas anuales en el mundo entero. La utilidad de dicho producto derivado est\u00e1 en la fabricaci\u00f3n de cerveza, cosm\u00e9ticos e industria alimenticia.<\/p>\n<!-- default-view.php -->\n<div\n\tclass=\"ngg-galleryoverview default-view  ngg-ajax-pagination-none\"\n\tid=\"ngg-gallery-d7015e90171ceabaadc9c5bd3e9444c3-1\">\n\n\t\t<!-- Thumbnails -->\n\t\t\t\t<div id=\"ngg-image-0\" class=\"ngg-gallery-thumbnail-box \" >\n\t\t\t\t        <div class=\"ngg-gallery-thumbnail\">\n            <a href=\"https:\/\/frutasselectasdelvalle.com\/wp-content\/gallery\/papaya\/papaya1.jpg\"\n               title=\"\"\n               data-src=\"https:\/\/frutasselectasdelvalle.com\/wp-content\/gallery\/papaya\/papaya1.jpg\"\n               data-thumbnail=\"https:\/\/frutasselectasdelvalle.com\/wp-content\/gallery\/papaya\/thumbs\/thumbs_papaya1.jpg\"\n               data-image-id=\"1\"\n               data-title=\"papaya1\"\n               data-description=\"\"\n               data-image-slug=\"papaya1\"\n               class=\"ngg-fancybox\" rel=\"d7015e90171ceabaadc9c5bd3e9444c3\">\n                <img\n                    title=\"papaya1\"\n                    alt=\"papaya1\"\n                    src=\"https:\/\/frutasselectasdelvalle.com\/wp-content\/gallery\/papaya\/thumbs\/thumbs_papaya1.jpg\"\n                    width=\"100\"\n                    height=\"75\"\n                    style=\"max-width:100%;\"\n                \/>\n            <\/a>\n        <\/div>\n\t\t\t\t\t\t\t<\/div> \n\t\t\t\n\t\t\t\t<div id=\"ngg-image-1\" class=\"ngg-gallery-thumbnail-box \" >\n\t\t\t\t        <div class=\"ngg-gallery-thumbnail\">\n            <a href=\"https:\/\/frutasselectasdelvalle.com\/wp-content\/gallery\/papaya\/papaya2.jpg\"\n               title=\"\"\n               data-src=\"https:\/\/frutasselectasdelvalle.com\/wp-content\/gallery\/papaya\/papaya2.jpg\"\n               data-thumbnail=\"https:\/\/frutasselectasdelvalle.com\/wp-content\/gallery\/papaya\/thumbs\/thumbs_papaya2.jpg\"\n               data-image-id=\"2\"\n               data-title=\"papaya2\"\n               data-description=\"\"\n               data-image-slug=\"papaya2\"\n               class=\"ngg-fancybox\" rel=\"d7015e90171ceabaadc9c5bd3e9444c3\">\n                <img\n                    title=\"papaya2\"\n                    alt=\"papaya2\"\n                    src=\"https:\/\/frutasselectasdelvalle.com\/wp-content\/gallery\/papaya\/thumbs\/thumbs_papaya2.jpg\"\n                    width=\"100\"\n                    height=\"75\"\n                    style=\"max-width:100%;\"\n                \/>\n            <\/a>\n        <\/div>\n\t\t\t\t\t\t\t<\/div> \n\t\t\t\n\t\t\t\t<div id=\"ngg-image-2\" class=\"ngg-gallery-thumbnail-box \" >\n\t\t\t\t        <div class=\"ngg-gallery-thumbnail\">\n            <a href=\"https:\/\/frutasselectasdelvalle.com\/wp-content\/gallery\/papaya\/papaya3.jpg\"\n               title=\"\"\n               data-src=\"https:\/\/frutasselectasdelvalle.com\/wp-content\/gallery\/papaya\/papaya3.jpg\"\n               data-thumbnail=\"https:\/\/frutasselectasdelvalle.com\/wp-content\/gallery\/papaya\/thumbs\/thumbs_papaya3.jpg\"\n               data-image-id=\"3\"\n               data-title=\"papaya3\"\n               data-description=\"\"\n               data-image-slug=\"papaya3\"\n               class=\"ngg-fancybox\" rel=\"d7015e90171ceabaadc9c5bd3e9444c3\">\n                <img\n                    title=\"papaya3\"\n                    alt=\"papaya3\"\n                    src=\"https:\/\/frutasselectasdelvalle.com\/wp-content\/gallery\/papaya\/thumbs\/thumbs_papaya3.jpg\"\n                    width=\"100\"\n                    height=\"75\"\n                    style=\"max-width:100%;\"\n                \/>\n            <\/a>\n        <\/div>\n\t\t\t\t\t\t\t<\/div> \n\t\t\t\n\t\t\t\t<div id=\"ngg-image-3\" class=\"ngg-gallery-thumbnail-box \" >\n\t\t\t\t        <div class=\"ngg-gallery-thumbnail\">\n            <a href=\"https:\/\/frutasselectasdelvalle.com\/wp-content\/gallery\/papaya\/papaya4.jpg\"\n               title=\"\"\n               data-src=\"https:\/\/frutasselectasdelvalle.com\/wp-content\/gallery\/papaya\/papaya4.jpg\"\n               data-thumbnail=\"https:\/\/frutasselectasdelvalle.com\/wp-content\/gallery\/papaya\/thumbs\/thumbs_papaya4.jpg\"\n               data-image-id=\"4\"\n               data-title=\"papaya4\"\n               data-description=\"\"\n               data-image-slug=\"papaya4\"\n               class=\"ngg-fancybox\" rel=\"d7015e90171ceabaadc9c5bd3e9444c3\">\n                <img\n                    title=\"papaya4\"\n                    alt=\"papaya4\"\n                    src=\"https:\/\/frutasselectasdelvalle.com\/wp-content\/gallery\/papaya\/thumbs\/thumbs_papaya4.jpg\"\n                    width=\"100\"\n                    height=\"75\"\n                    style=\"max-width:100%;\"\n                \/>\n            <\/a>\n        <\/div>\n\t\t\t\t\t\t\t<\/div> \n\t\t\t\n\t\t\t\t<div id=\"ngg-image-4\" class=\"ngg-gallery-thumbnail-box \" >\n\t\t\t\t        <div class=\"ngg-gallery-thumbnail\">\n            <a href=\"https:\/\/frutasselectasdelvalle.com\/wp-content\/gallery\/papaya\/papaya5.jpg\"\n               title=\"\"\n               data-src=\"https:\/\/frutasselectasdelvalle.com\/wp-content\/gallery\/papaya\/papaya5.jpg\"\n               data-thumbnail=\"https:\/\/frutasselectasdelvalle.com\/wp-content\/gallery\/papaya\/thumbs\/thumbs_papaya5.jpg\"\n               data-image-id=\"5\"\n               data-title=\"papaya5\"\n               data-description=\"\"\n               data-image-slug=\"papaya5\"\n               class=\"ngg-fancybox\" rel=\"d7015e90171ceabaadc9c5bd3e9444c3\">\n                <img\n                    title=\"papaya5\"\n                    alt=\"papaya5\"\n                    src=\"https:\/\/frutasselectasdelvalle.com\/wp-content\/gallery\/papaya\/thumbs\/thumbs_papaya5.jpg\"\n                    width=\"100\"\n                    height=\"75\"\n                    style=\"max-width:100%;\"\n                \/>\n            <\/a>\n        <\/div>\n\t\t\t\t\t\t\t<\/div> \n\t\t\t\n\t\t\t\t<div id=\"ngg-image-5\" class=\"ngg-gallery-thumbnail-box \" >\n\t\t\t\t        <div class=\"ngg-gallery-thumbnail\">\n            <a href=\"https:\/\/frutasselectasdelvalle.com\/wp-content\/gallery\/papaya\/papaya6.jpg\"\n               title=\"\"\n               data-src=\"https:\/\/frutasselectasdelvalle.com\/wp-content\/gallery\/papaya\/papaya6.jpg\"\n               data-thumbnail=\"https:\/\/frutasselectasdelvalle.com\/wp-content\/gallery\/papaya\/thumbs\/thumbs_papaya6.jpg\"\n               data-image-id=\"6\"\n               data-title=\"papaya6\"\n               data-description=\"\"\n               data-image-slug=\"papaya6\"\n               class=\"ngg-fancybox\" rel=\"d7015e90171ceabaadc9c5bd3e9444c3\">\n                <img\n                    title=\"papaya6\"\n                    alt=\"papaya6\"\n                    src=\"https:\/\/frutasselectasdelvalle.com\/wp-content\/gallery\/papaya\/thumbs\/thumbs_papaya6.jpg\"\n                    width=\"100\"\n                    height=\"75\"\n                    style=\"max-width:100%;\"\n                \/>\n            <\/a>\n        <\/div>\n\t\t\t\t\t\t\t<\/div> \n\t\t\t\n\t\t\t\t<div id=\"ngg-image-6\" class=\"ngg-gallery-thumbnail-box \" >\n\t\t\t\t        <div class=\"ngg-gallery-thumbnail\">\n            <a href=\"https:\/\/frutasselectasdelvalle.com\/wp-content\/gallery\/papaya\/papaya7.jpg\"\n               title=\"\"\n               data-src=\"https:\/\/frutasselectasdelvalle.com\/wp-content\/gallery\/papaya\/papaya7.jpg\"\n               data-thumbnail=\"https:\/\/frutasselectasdelvalle.com\/wp-content\/gallery\/papaya\/thumbs\/thumbs_papaya7.jpg\"\n               data-image-id=\"7\"\n               data-title=\"papaya7\"\n               data-description=\"\"\n               data-image-slug=\"papaya7\"\n               class=\"ngg-fancybox\" rel=\"d7015e90171ceabaadc9c5bd3e9444c3\">\n                <img\n                    title=\"papaya7\"\n                    alt=\"papaya7\"\n                    src=\"https:\/\/frutasselectasdelvalle.com\/wp-content\/gallery\/papaya\/thumbs\/thumbs_papaya7.jpg\"\n                    width=\"100\"\n                    height=\"75\"\n                    style=\"max-width:100%;\"\n                \/>\n            <\/a>\n        <\/div>\n\t\t\t\t\t\t\t<\/div> \n\t\t\t\n\t\n\t<br style=\"clear: both\" \/>\n\n\t\t<div class=\"slideshowlink\">\n        <a href='https:\/\/frutasselectasdelvalle.com\/index.php\/productos\/papaya\/nggallery\/slideshow'>[Show as slideshow]<\/a>\n\t\t\n\t<\/div>\n\t\n\t\t<!-- Pagination -->\n\t<div class='ngg-clear'><\/div>\t<\/div>\n<br \/>\n(Para ampliar dar clic sobre la foto que desea ver. Para cerrar dar nuevamente clic sobre la fotograf\u00eda. Tambi\u00e9n puede visualizar la galer\u00eda en pantalla completa dando clic en [View with PicLens] )<\/p>\n","protected":false},"excerpt":{"rendered":"<p>Es una planta de origen centroamericano, conocida y empleada en toda Am\u00e9rica desde hace varios siglos, aunque hoy d\u00eda se cultiva en muchos pa\u00edses de otros continentes. La planta posee un tronco sin ramas (por lo general solo ramifica si su tronco es herido), de una altura entre 1,8 y 6 m, coronado por follaje [&hellip;]<\/p>\n","protected":false},"author":1,"featured_media":0,"parent":31,"menu_order":1,"comment_status":"open","ping_status":"open","template":"","meta":{"ngg_post_thumbnail":0},"_links":{"self":[{"href":"https:\/\/frutasselectasdelvalle.com\/index.php\/wp-json\/wp\/v2\/pages\/101"}],"collection":[{"href":"https:\/\/frutasselectasdelvalle.com\/index.php\/wp-json\/wp\/v2\/pages"}],"about":[{"href":"https:\/\/frutasselectasdelvalle.com\/index.php\/wp-json\/wp\/v2\/types\/page"}],"author":[{"embeddable":true,"href":"https:\/\/frutasselectasdelvalle.com\/index.php\/wp-json\/wp\/v2\/users\/1"}],"replies":[{"embeddable":true,"href":"https:\/\/frutasselectasdelvalle.com\/index.php\/wp-json\/wp\/v2\/comments?post=101"}],"version-history":[{"count":3,"href":"https:\/\/frutasselectasdelvalle.com\/index.php\/wp-json\/wp\/v2\/pages\/101\/revisions"}],"predecessor-version":[{"id":240,"href":"https:\/\/frutasselectasdelvalle.com\/index.php\/wp-json\/wp\/v2\/pages\/101\/revisions\/240"}],"up":[{"embeddable":true,"href":"https:\/\/frutasselectasdelvalle.com\/index.php\/wp-json\/wp\/v2\/pages\/31"}],"wp:attachment":[{"href":"https:\/\/frutasselectasdelvalle.com\/index.php\/wp-json\/wp\/v2\/media?parent=101"}],"curies":[{"name":"wp","href":"https:\/\/api.w.org\/{rel}","templated":true}]}}