{"id":104,"date":"2010-02-18T11:44:56","date_gmt":"2010-02-18T15:44:56","guid":{"rendered":"http:\/\/frutasselectasdelvalle.com\/?page_id=104"},"modified":"2010-04-07T11:35:06","modified_gmt":"2010-04-07T15:35:06","slug":"pitahaya","status":"publish","type":"page","link":"https:\/\/frutasselectasdelvalle.com\/index.php\/productos\/pitahaya\/","title":{"rendered":"Pitahaya"},"content":{"rendered":"<p style=\"text-align: justify;\"><img loading=\"lazy\" class=\"size-full wp-image-241 aligncenter\" title=\"PITAHAYA\" src=\"http:\/\/frutasselectasdelvalle.com\/wp-content\/uploads\/2010\/02\/PITAHAYA.jpg\" alt=\"PITAHAYA\" width=\"500\" height=\"717\" srcset=\"https:\/\/frutasselectasdelvalle.com\/wp-content\/uploads\/2010\/02\/PITAHAYA.jpg 500w, https:\/\/frutasselectasdelvalle.com\/wp-content\/uploads\/2010\/02\/PITAHAYA-209x300.jpg 209w\" sizes=\"(max-width: 500px) 100vw, 500px\" \/>La pitahaya es un fascinante cacto de origen centroamericano, que puede nacer, desarrollarse y vivir en el suelo y\/o en las copas de los \u00e1rboles por igual. Su nombre significa \u201d fruta escamosa\u201d. En Colombia se comenzo a cultivar a comienzo de la decada de los 80.<\/p>\n<p style=\"text-align: justify;\">Existen dos variedades, pitahaya roja y pitahaya amarilla. La pitahaya amarilla se cultiva en zonas tropicales y tropicales altas, La planta es un cactus trepador de largos tallos triangulares. Su flor posee una espectacular belleza. La fruta es ovoide, de color verde al comienzo y amarilla en la madurez, su pulpa es blanca con m\u00faltiples y peque\u00f1as semillas. La pitahaya es casi una porci\u00f3n de agua deliciosamente azucarada. La pitahaya contiene vitamina C que ayuda a la absorci\u00f3n del hierro de los alimentos, aumenta la resistencia de nuestro organismo y tiene una acci\u00f3n antioxidante. Es el fruto ideal para las personas an\u00e9micas. Tambi\u00e9n la pitahaya contiene muchas fibras vegetales, hierro, f\u00f3sforo y calcio. Sus granos negros contienen una grasa natural que mejora el transito intestinal, es un excelente laxativo. Es por esto que hay que evitar consumir este fruto en casos de diarrea o gastritis. La pitahaya ayuda a reducir la tasa de \u00e1cido \u00farico en la sangre y previene la gota.<\/p>\n<p style=\"text-align: justify;\">Su sabor es exquisito y con un tenue gusto dulce. Se suele consumir al natural.<\/p>\n<!-- default-view.php -->\n<div\n\tclass=\"ngg-galleryoverview default-view  ngg-ajax-pagination-none\"\n\tid=\"ngg-gallery-c5c085cab367503222c9706cd02657f9-1\">\n\n\t\t<!-- Thumbnails -->\n\t\t\t\t<div id=\"ngg-image-0\" class=\"ngg-gallery-thumbnail-box \" >\n\t\t\t\t        <div class=\"ngg-gallery-thumbnail\">\n            <a href=\"https:\/\/frutasselectasdelvalle.com\/wp-content\/gallery\/pitahaya\/pitahaya2.jpg\"\n               title=\"\"\n               data-src=\"https:\/\/frutasselectasdelvalle.com\/wp-content\/gallery\/pitahaya\/pitahaya2.jpg\"\n               data-thumbnail=\"https:\/\/frutasselectasdelvalle.com\/wp-content\/gallery\/pitahaya\/thumbs\/thumbs_pitahaya2.jpg\"\n               data-image-id=\"8\"\n               data-title=\"pitahaya2\"\n               data-description=\"\"\n               data-image-slug=\"pitahaya2\"\n               class=\"ngg-fancybox\" rel=\"c5c085cab367503222c9706cd02657f9\">\n                <img\n                    title=\"pitahaya2\"\n                    alt=\"pitahaya2\"\n                    src=\"https:\/\/frutasselectasdelvalle.com\/wp-content\/gallery\/pitahaya\/thumbs\/thumbs_pitahaya2.jpg\"\n                    width=\"100\"\n                    height=\"75\"\n                    style=\"max-width:100%;\"\n                \/>\n            <\/a>\n        <\/div>\n\t\t\t\t\t\t\t<\/div> \n\t\t\t\n\t\t\t\t<div id=\"ngg-image-1\" class=\"ngg-gallery-thumbnail-box \" >\n\t\t\t\t        <div class=\"ngg-gallery-thumbnail\">\n            <a href=\"https:\/\/frutasselectasdelvalle.com\/wp-content\/gallery\/pitahaya\/pitahaya3.jpg\"\n               title=\"\"\n               data-src=\"https:\/\/frutasselectasdelvalle.com\/wp-content\/gallery\/pitahaya\/pitahaya3.jpg\"\n               data-thumbnail=\"https:\/\/frutasselectasdelvalle.com\/wp-content\/gallery\/pitahaya\/thumbs\/thumbs_pitahaya3.jpg\"\n               data-image-id=\"9\"\n               data-title=\"pitahaya3\"\n               data-description=\"\"\n               data-image-slug=\"pitahaya3\"\n               class=\"ngg-fancybox\" rel=\"c5c085cab367503222c9706cd02657f9\">\n                <img\n                    title=\"pitahaya3\"\n                    alt=\"pitahaya3\"\n                    src=\"https:\/\/frutasselectasdelvalle.com\/wp-content\/gallery\/pitahaya\/thumbs\/thumbs_pitahaya3.jpg\"\n                    width=\"100\"\n                    height=\"75\"\n                    style=\"max-width:100%;\"\n                \/>\n            <\/a>\n        <\/div>\n\t\t\t\t\t\t\t<\/div> \n\t\t\t\n\t\t\t\t<div id=\"ngg-image-2\" class=\"ngg-gallery-thumbnail-box \" >\n\t\t\t\t        <div class=\"ngg-gallery-thumbnail\">\n            <a href=\"https:\/\/frutasselectasdelvalle.com\/wp-content\/gallery\/pitahaya\/pitahaya4.jpg\"\n               title=\"\"\n               data-src=\"https:\/\/frutasselectasdelvalle.com\/wp-content\/gallery\/pitahaya\/pitahaya4.jpg\"\n               data-thumbnail=\"https:\/\/frutasselectasdelvalle.com\/wp-content\/gallery\/pitahaya\/thumbs\/thumbs_pitahaya4.jpg\"\n               data-image-id=\"10\"\n               data-title=\"pitahaya4\"\n               data-description=\"\"\n               data-image-slug=\"pitahaya4\"\n               class=\"ngg-fancybox\" rel=\"c5c085cab367503222c9706cd02657f9\">\n                <img\n                    title=\"pitahaya4\"\n                    alt=\"pitahaya4\"\n                    src=\"https:\/\/frutasselectasdelvalle.com\/wp-content\/gallery\/pitahaya\/thumbs\/thumbs_pitahaya4.jpg\"\n                    width=\"100\"\n                    height=\"75\"\n                    style=\"max-width:100%;\"\n                \/>\n            <\/a>\n        <\/div>\n\t\t\t\t\t\t\t<\/div> \n\t\t\t\n\t\t\t\t<div id=\"ngg-image-3\" class=\"ngg-gallery-thumbnail-box \" >\n\t\t\t\t        <div class=\"ngg-gallery-thumbnail\">\n            <a href=\"https:\/\/frutasselectasdelvalle.com\/wp-content\/gallery\/pitahaya\/pitahaya5.jpg\"\n               title=\"\"\n               data-src=\"https:\/\/frutasselectasdelvalle.com\/wp-content\/gallery\/pitahaya\/pitahaya5.jpg\"\n               data-thumbnail=\"https:\/\/frutasselectasdelvalle.com\/wp-content\/gallery\/pitahaya\/thumbs\/thumbs_pitahaya5.jpg\"\n               data-image-id=\"11\"\n               data-title=\"pitahaya5\"\n               data-description=\"\"\n               data-image-slug=\"pitahaya5\"\n               class=\"ngg-fancybox\" rel=\"c5c085cab367503222c9706cd02657f9\">\n                <img\n                    title=\"pitahaya5\"\n                    alt=\"pitahaya5\"\n                    src=\"https:\/\/frutasselectasdelvalle.com\/wp-content\/gallery\/pitahaya\/thumbs\/thumbs_pitahaya5.jpg\"\n                    width=\"100\"\n                    height=\"75\"\n                    style=\"max-width:100%;\"\n                \/>\n            <\/a>\n        <\/div>\n\t\t\t\t\t\t\t<\/div> \n\t\t\t\n\t\t\t\t<div id=\"ngg-image-4\" class=\"ngg-gallery-thumbnail-box \" >\n\t\t\t\t        <div class=\"ngg-gallery-thumbnail\">\n            <a href=\"https:\/\/frutasselectasdelvalle.com\/wp-content\/gallery\/pitahaya\/pitahaya6.jpg\"\n               title=\"\"\n               data-src=\"https:\/\/frutasselectasdelvalle.com\/wp-content\/gallery\/pitahaya\/pitahaya6.jpg\"\n               data-thumbnail=\"https:\/\/frutasselectasdelvalle.com\/wp-content\/gallery\/pitahaya\/thumbs\/thumbs_pitahaya6.jpg\"\n               data-image-id=\"12\"\n               data-title=\"pitahaya6\"\n               data-description=\"\"\n               data-image-slug=\"pitahaya6\"\n               class=\"ngg-fancybox\" rel=\"c5c085cab367503222c9706cd02657f9\">\n                <img\n                    title=\"pitahaya6\"\n                    alt=\"pitahaya6\"\n                    src=\"https:\/\/frutasselectasdelvalle.com\/wp-content\/gallery\/pitahaya\/thumbs\/thumbs_pitahaya6.jpg\"\n                    width=\"100\"\n                    height=\"75\"\n                    style=\"max-width:100%;\"\n                \/>\n            <\/a>\n        <\/div>\n\t\t\t\t\t\t\t<\/div> \n\t\t\t\n\t\t\t\t<div id=\"ngg-image-5\" class=\"ngg-gallery-thumbnail-box \" >\n\t\t\t\t        <div class=\"ngg-gallery-thumbnail\">\n            <a href=\"https:\/\/frutasselectasdelvalle.com\/wp-content\/gallery\/pitahaya\/pitahaya7.jpg\"\n               title=\"\"\n               data-src=\"https:\/\/frutasselectasdelvalle.com\/wp-content\/gallery\/pitahaya\/pitahaya7.jpg\"\n               data-thumbnail=\"https:\/\/frutasselectasdelvalle.com\/wp-content\/gallery\/pitahaya\/thumbs\/thumbs_pitahaya7.jpg\"\n               data-image-id=\"13\"\n               data-title=\"pitahaya7\"\n               data-description=\"\"\n               data-image-slug=\"pitahaya7\"\n               class=\"ngg-fancybox\" rel=\"c5c085cab367503222c9706cd02657f9\">\n                <img\n                    title=\"pitahaya7\"\n                    alt=\"pitahaya7\"\n                    src=\"https:\/\/frutasselectasdelvalle.com\/wp-content\/gallery\/pitahaya\/thumbs\/thumbs_pitahaya7.jpg\"\n                    width=\"100\"\n                    height=\"75\"\n                    style=\"max-width:100%;\"\n                \/>\n            <\/a>\n        <\/div>\n\t\t\t\t\t\t\t<\/div> \n\t\t\t\n\t\n\t<br style=\"clear: both\" \/>\n\n\t\t<div class=\"slideshowlink\">\n        <a href='https:\/\/frutasselectasdelvalle.com\/index.php\/productos\/pitahaya\/nggallery\/slideshow'>[Show as slideshow]<\/a>\n\t\t\n\t<\/div>\n\t\n\t\t<!-- Pagination -->\n\t<div class='ngg-clear'><\/div>\t<\/div>\n<br \/>\n(Para ampliar dar clic sobre la foto que desea ver. Para cerrar dar nuevamente clic sobre la fotograf\u00eda. Tambi\u00e9n puede visualizar la galer\u00eda en pantalla completa dando clic en [View with PicLens] )<\/p>\n","protected":false},"excerpt":{"rendered":"<p>La pitahaya es un fascinante cacto de origen centroamericano, que puede nacer, desarrollarse y vivir en el suelo y\/o en las copas de los \u00e1rboles por igual. Su nombre significa \u201d fruta escamosa\u201d. En Colombia se comenzo a cultivar a comienzo de la decada de los 80. Existen dos variedades, pitahaya roja y pitahaya amarilla. [&hellip;]<\/p>\n","protected":false},"author":1,"featured_media":0,"parent":31,"menu_order":2,"comment_status":"open","ping_status":"open","template":"","meta":{"ngg_post_thumbnail":0},"_links":{"self":[{"href":"https:\/\/frutasselectasdelvalle.com\/index.php\/wp-json\/wp\/v2\/pages\/104"}],"collection":[{"href":"https:\/\/frutasselectasdelvalle.com\/index.php\/wp-json\/wp\/v2\/pages"}],"about":[{"href":"https:\/\/frutasselectasdelvalle.com\/index.php\/wp-json\/wp\/v2\/types\/page"}],"author":[{"embeddable":true,"href":"https:\/\/frutasselectasdelvalle.com\/index.php\/wp-json\/wp\/v2\/users\/1"}],"replies":[{"embeddable":true,"href":"https:\/\/frutasselectasdelvalle.com\/index.php\/wp-json\/wp\/v2\/comments?post=104"}],"version-history":[{"count":3,"href":"https:\/\/frutasselectasdelvalle.com\/index.php\/wp-json\/wp\/v2\/pages\/104\/revisions"}],"predecessor-version":[{"id":242,"href":"https:\/\/frutasselectasdelvalle.com\/index.php\/wp-json\/wp\/v2\/pages\/104\/revisions\/242"}],"up":[{"embeddable":true,"href":"https:\/\/frutasselectasdelvalle.com\/index.php\/wp-json\/wp\/v2\/pages\/31"}],"wp:attachment":[{"href":"https:\/\/frutasselectasdelvalle.com\/index.php\/wp-json\/wp\/v2\/media?parent=104"}],"curies":[{"name":"wp","href":"https:\/\/api.w.org\/{rel}","templated":true}]}}