{"id":107,"date":"2010-02-18T11:46:59","date_gmt":"2010-02-18T15:46:59","guid":{"rendered":"http:\/\/frutasselectasdelvalle.com\/?page_id=107"},"modified":"2010-04-07T11:36:12","modified_gmt":"2010-04-07T15:36:12","slug":"maracuya","status":"publish","type":"page","link":"https:\/\/frutasselectasdelvalle.com\/index.php\/productos\/maracuya\/","title":{"rendered":"Maracuy\u00e1"},"content":{"rendered":"<p style=\"text-align: justify;\"><img loading=\"lazy\" class=\"size-full wp-image-243 aligncenter\" title=\"MARACUY\u00c1\" src=\"http:\/\/frutasselectasdelvalle.com\/wp-content\/uploads\/2010\/02\/MARACUY\u00c1.jpg\" alt=\"MARACUY\u00c1\" width=\"500\" height=\"717\" srcset=\"https:\/\/frutasselectasdelvalle.com\/wp-content\/uploads\/2010\/02\/MARACUY\u00c1.jpg 500w, https:\/\/frutasselectasdelvalle.com\/wp-content\/uploads\/2010\/02\/MARACUY\u00c1-209x300.jpg 209w\" sizes=\"(max-width: 500px) 100vw, 500px\" \/>El maracuy\u00e1, conocida tambi\u00e9n como mburucuy\u00e1, chinola, fruta de la pasi\u00f3n, parcha, parchita o pasionaria (Passiflora edulis) es una planta trepadora del g\u00e9nero Passiflora, nativa de las regiones subtropicales de Am\u00e9rica&lt; de un sabor un poco acido y con aroma.<\/p>\n<p style=\"text-align: justify;\">Las Maracuy\u00e1s se originaron posiblemente en la amazonia brasile\u0144a y zonas tropicales de centro y sur Am\u00e9rica, su origen exacto es desconocido. El nombre de maracuy\u00e1 del idioma portugu\u00e9s \u201cMaracuja\u201d que significa comida preparada en totuma .  En guaran\u00ed se llama \u201cmburucuy\u00e1\u201d que significa \u201ccriadero de moscas\u201d,por la dulzura del n\u00e9ctar que resulta atractivo para el desove de los insectos.<\/p>\n<p style=\"text-align: justify;\">El Maracuy\u00e1 es una liana fuerte, cuyos tallos crecen hasta 5 metros por a\u0144o y pueden alcanzar los 80 metros de largo. Es cultivada similar al vino. Las hojas siempre verdes, con finos dientes y 3 l\u00f3bulos miden de 7 a 20 cm y tienen un verde oscuro brillante en el lado superior y un verde difuso en el lado inferior.  Fuera de otra posici\u00f3n, las arom\u00e1ticas flores de 5-8 cm tienen la base p\u00farpura \u2013 roja y las puntas blancas.  Las flores desarrollan el fruto en forma de huevo, de 6 a 12 cm de largo con su t\u00edpica cubierta lisa, encerada, con aspecto de cuero y de color verde claro cuando est\u00e1n tiernas y que cambia a amarillo con el tiempo.<\/p>\n<p style=\"text-align: justify;\">La fruta contiene, como todas las de su g\u00e9nero, cerca de 250 semillas peque\u0144as, de color caf\u00e9 oscuro y agradable sabor. Las semillas se encuentran suspendidas en un l\u00edquido gelatinoso de color amarillo \u2013 naranja. Posee un sabor muy arom\u00e1tico y agridulce, similar a una mezcla de melocot\u00f3n, fresas y moras. Las maracuyas amarillas son m\u00e1s grandes que sus parientes rojas o moradas y tiene un sabor m\u00e1s \u00e1cido.<\/p>\n<p style=\"text-align: justify;\">Las variedades cambian en el tama\u00f1o color y sabor.  Existen dos variedades comerciales de maracuy\u00e1:<\/p>\n<p style=\"text-align: justify;\">-Maracuy\u00e1 amarillo (P. edulis variedad flavicarpa): Son de hojas simples, miden entre 7 a 20cm de largo, de color verde profundo y p\u00e1lido en el env\u00e9s.<\/p>\n<p style=\"text-align: justify;\">-Maracuy\u00e1 morado (P.edulis variedad p\u00farpura):  De color p\u00farpura y mas peque\u00f1a que la anterior mencionada.<\/p>\n<p style=\"text-align: justify;\">El maracuy\u00e1 est\u00e1 compuesto de 50 a 60 % de c\u00e1scara, de 30 a 40% de jugo y de 10 a 15% de semilla. Es rico en \u00e1cido asc\u00f3rbico, carotenos .  El fruto madura cuando ha concentrado los azucares en su totalidad y cambiado su color. Cada 100 g de Maracuy\u00e1 tiene un valor cal\u00f3rico de 340 KJ y contiene aproximadamente: 77 g de agua, 2.4 g de prote\u00edna, 0.4 g de grasa, 13.4 g de colhidratos y 1.5 g de minerales de balasto. Tambi\u00e9n minerales y vitaminas: Aprox. 17 mg calcio, 1.3 mg hierro, 28 mg sodio, 40 mg vitamina A y 24 mg vitamina C.<\/p>\n<!-- default-view.php -->\n<div\n\tclass=\"ngg-galleryoverview default-view  ngg-ajax-pagination-none\"\n\tid=\"ngg-gallery-f290a644ebfe7082a20c6e233335126d-1\">\n\n\t\t<!-- Thumbnails -->\n\t\t\t\t<div id=\"ngg-image-0\" class=\"ngg-gallery-thumbnail-box \" >\n\t\t\t\t        <div class=\"ngg-gallery-thumbnail\">\n            <a href=\"https:\/\/frutasselectasdelvalle.com\/wp-content\/gallery\/maracuya\/maracuya2.jpg\"\n               title=\"\"\n               data-src=\"https:\/\/frutasselectasdelvalle.com\/wp-content\/gallery\/maracuya\/maracuya2.jpg\"\n               data-thumbnail=\"https:\/\/frutasselectasdelvalle.com\/wp-content\/gallery\/maracuya\/thumbs\/thumbs_maracuya2.jpg\"\n               data-image-id=\"15\"\n               data-title=\"maracuya2\"\n               data-description=\"\"\n               data-image-slug=\"maracuya2\"\n               class=\"ngg-fancybox\" rel=\"f290a644ebfe7082a20c6e233335126d\">\n                <img\n                    title=\"maracuya2\"\n                    alt=\"maracuya2\"\n                    src=\"https:\/\/frutasselectasdelvalle.com\/wp-content\/gallery\/maracuya\/thumbs\/thumbs_maracuya2.jpg\"\n                    width=\"100\"\n                    height=\"75\"\n                    style=\"max-width:100%;\"\n                \/>\n            <\/a>\n        <\/div>\n\t\t\t\t\t\t\t<\/div> \n\t\t\t\n\t\t\t\t<div id=\"ngg-image-1\" class=\"ngg-gallery-thumbnail-box \" >\n\t\t\t\t        <div class=\"ngg-gallery-thumbnail\">\n            <a href=\"https:\/\/frutasselectasdelvalle.com\/wp-content\/gallery\/maracuya\/maracuya3.jpg\"\n               title=\"\"\n               data-src=\"https:\/\/frutasselectasdelvalle.com\/wp-content\/gallery\/maracuya\/maracuya3.jpg\"\n               data-thumbnail=\"https:\/\/frutasselectasdelvalle.com\/wp-content\/gallery\/maracuya\/thumbs\/thumbs_maracuya3.jpg\"\n               data-image-id=\"16\"\n               data-title=\"maracuya3\"\n               data-description=\"\"\n               data-image-slug=\"maracuya3\"\n               class=\"ngg-fancybox\" rel=\"f290a644ebfe7082a20c6e233335126d\">\n                <img\n                    title=\"maracuya3\"\n                    alt=\"maracuya3\"\n                    src=\"https:\/\/frutasselectasdelvalle.com\/wp-content\/gallery\/maracuya\/thumbs\/thumbs_maracuya3.jpg\"\n                    width=\"100\"\n                    height=\"75\"\n                    style=\"max-width:100%;\"\n                \/>\n            <\/a>\n        <\/div>\n\t\t\t\t\t\t\t<\/div> \n\t\t\t\n\t\t\t\t<div id=\"ngg-image-2\" class=\"ngg-gallery-thumbnail-box \" >\n\t\t\t\t        <div class=\"ngg-gallery-thumbnail\">\n            <a href=\"https:\/\/frutasselectasdelvalle.com\/wp-content\/gallery\/maracuya\/maracuya4.jpg\"\n               title=\"\"\n               data-src=\"https:\/\/frutasselectasdelvalle.com\/wp-content\/gallery\/maracuya\/maracuya4.jpg\"\n               data-thumbnail=\"https:\/\/frutasselectasdelvalle.com\/wp-content\/gallery\/maracuya\/thumbs\/thumbs_maracuya4.jpg\"\n               data-image-id=\"17\"\n               data-title=\"maracuya4\"\n               data-description=\"\"\n               data-image-slug=\"maracuya4\"\n               class=\"ngg-fancybox\" rel=\"f290a644ebfe7082a20c6e233335126d\">\n                <img\n                    title=\"maracuya4\"\n                    alt=\"maracuya4\"\n                    src=\"https:\/\/frutasselectasdelvalle.com\/wp-content\/gallery\/maracuya\/thumbs\/thumbs_maracuya4.jpg\"\n                    width=\"100\"\n                    height=\"75\"\n                    style=\"max-width:100%;\"\n                \/>\n            <\/a>\n        <\/div>\n\t\t\t\t\t\t\t<\/div> \n\t\t\t\n\t\t\t\t<div id=\"ngg-image-3\" class=\"ngg-gallery-thumbnail-box \" >\n\t\t\t\t        <div class=\"ngg-gallery-thumbnail\">\n            <a href=\"https:\/\/frutasselectasdelvalle.com\/wp-content\/gallery\/maracuya\/maracuya5.jpg\"\n               title=\"\"\n               data-src=\"https:\/\/frutasselectasdelvalle.com\/wp-content\/gallery\/maracuya\/maracuya5.jpg\"\n               data-thumbnail=\"https:\/\/frutasselectasdelvalle.com\/wp-content\/gallery\/maracuya\/thumbs\/thumbs_maracuya5.jpg\"\n               data-image-id=\"18\"\n               data-title=\"maracuya5\"\n               data-description=\"\"\n               data-image-slug=\"maracuya5\"\n               class=\"ngg-fancybox\" rel=\"f290a644ebfe7082a20c6e233335126d\">\n                <img\n                    title=\"maracuya5\"\n                    alt=\"maracuya5\"\n                    src=\"https:\/\/frutasselectasdelvalle.com\/wp-content\/gallery\/maracuya\/thumbs\/thumbs_maracuya5.jpg\"\n                    width=\"100\"\n                    height=\"75\"\n                    style=\"max-width:100%;\"\n                \/>\n            <\/a>\n        <\/div>\n\t\t\t\t\t\t\t<\/div> \n\t\t\t\n\t\t\t\t<div id=\"ngg-image-4\" class=\"ngg-gallery-thumbnail-box \" >\n\t\t\t\t        <div class=\"ngg-gallery-thumbnail\">\n            <a href=\"https:\/\/frutasselectasdelvalle.com\/wp-content\/gallery\/maracuya\/cultivo-de-maracuya-1.jpg\"\n               title=\"\"\n               data-src=\"https:\/\/frutasselectasdelvalle.com\/wp-content\/gallery\/maracuya\/cultivo-de-maracuya-1.jpg\"\n               data-thumbnail=\"https:\/\/frutasselectasdelvalle.com\/wp-content\/gallery\/maracuya\/thumbs\/thumbs_cultivo-de-maracuya-1.jpg\"\n               data-image-id=\"39\"\n               data-title=\"cultivo-de-maracuya-1\"\n               data-description=\"\"\n               data-image-slug=\"cultivo-de-maracuya-1\"\n               class=\"ngg-fancybox\" rel=\"f290a644ebfe7082a20c6e233335126d\">\n                <img\n                    title=\"cultivo-de-maracuya-1\"\n                    alt=\"cultivo-de-maracuya-1\"\n                    src=\"https:\/\/frutasselectasdelvalle.com\/wp-content\/gallery\/maracuya\/thumbs\/thumbs_cultivo-de-maracuya-1.jpg\"\n                    width=\"100\"\n                    height=\"75\"\n                    style=\"max-width:100%;\"\n                \/>\n            <\/a>\n        <\/div>\n\t\t\t\t\t\t\t<\/div> \n\t\t\t\n\t\t\t\t<div id=\"ngg-image-5\" class=\"ngg-gallery-thumbnail-box \" >\n\t\t\t\t        <div class=\"ngg-gallery-thumbnail\">\n            <a href=\"https:\/\/frutasselectasdelvalle.com\/wp-content\/gallery\/maracuya\/cultivo-de-maracuya-2.jpg\"\n               title=\"\"\n               data-src=\"https:\/\/frutasselectasdelvalle.com\/wp-content\/gallery\/maracuya\/cultivo-de-maracuya-2.jpg\"\n               data-thumbnail=\"https:\/\/frutasselectasdelvalle.com\/wp-content\/gallery\/maracuya\/thumbs\/thumbs_cultivo-de-maracuya-2.jpg\"\n               data-image-id=\"40\"\n               data-title=\"cultivo-de-maracuya-2\"\n               data-description=\"\"\n               data-image-slug=\"cultivo-de-maracuya-2\"\n               class=\"ngg-fancybox\" rel=\"f290a644ebfe7082a20c6e233335126d\">\n                <img\n                    title=\"cultivo-de-maracuya-2\"\n                    alt=\"cultivo-de-maracuya-2\"\n                    src=\"https:\/\/frutasselectasdelvalle.com\/wp-content\/gallery\/maracuya\/thumbs\/thumbs_cultivo-de-maracuya-2.jpg\"\n                    width=\"100\"\n                    height=\"75\"\n                    style=\"max-width:100%;\"\n                \/>\n            <\/a>\n        <\/div>\n\t\t\t\t\t\t\t<\/div> \n\t\t\t\n\t\t\t\t<div id=\"ngg-image-6\" class=\"ngg-gallery-thumbnail-box \" >\n\t\t\t\t        <div class=\"ngg-gallery-thumbnail\">\n            <a href=\"https:\/\/frutasselectasdelvalle.com\/wp-content\/gallery\/maracuya\/cultivo-de-maracuya-3.jpg\"\n               title=\"\"\n               data-src=\"https:\/\/frutasselectasdelvalle.com\/wp-content\/gallery\/maracuya\/cultivo-de-maracuya-3.jpg\"\n               data-thumbnail=\"https:\/\/frutasselectasdelvalle.com\/wp-content\/gallery\/maracuya\/thumbs\/thumbs_cultivo-de-maracuya-3.jpg\"\n               data-image-id=\"41\"\n               data-title=\"cultivo-de-maracuya-3\"\n               data-description=\"\"\n               data-image-slug=\"cultivo-de-maracuya-3\"\n               class=\"ngg-fancybox\" rel=\"f290a644ebfe7082a20c6e233335126d\">\n                <img\n                    title=\"cultivo-de-maracuya-3\"\n                    alt=\"cultivo-de-maracuya-3\"\n                    src=\"https:\/\/frutasselectasdelvalle.com\/wp-content\/gallery\/maracuya\/thumbs\/thumbs_cultivo-de-maracuya-3.jpg\"\n                    width=\"100\"\n                    height=\"75\"\n                    style=\"max-width:100%;\"\n                \/>\n            <\/a>\n        <\/div>\n\t\t\t\t\t\t\t<\/div> \n\t\t\t\n\t\t\t\t<div id=\"ngg-image-7\" class=\"ngg-gallery-thumbnail-box \" >\n\t\t\t\t        <div class=\"ngg-gallery-thumbnail\">\n            <a href=\"https:\/\/frutasselectasdelvalle.com\/wp-content\/gallery\/maracuya\/cultivo-de-maracuya-4.jpg\"\n               title=\"\"\n               data-src=\"https:\/\/frutasselectasdelvalle.com\/wp-content\/gallery\/maracuya\/cultivo-de-maracuya-4.jpg\"\n               data-thumbnail=\"https:\/\/frutasselectasdelvalle.com\/wp-content\/gallery\/maracuya\/thumbs\/thumbs_cultivo-de-maracuya-4.jpg\"\n               data-image-id=\"42\"\n               data-title=\"cultivo-de-maracuya-4\"\n               data-description=\"\"\n               data-image-slug=\"cultivo-de-maracuya-4\"\n               class=\"ngg-fancybox\" rel=\"f290a644ebfe7082a20c6e233335126d\">\n                <img\n                    title=\"cultivo-de-maracuya-4\"\n                    alt=\"cultivo-de-maracuya-4\"\n                    src=\"https:\/\/frutasselectasdelvalle.com\/wp-content\/gallery\/maracuya\/thumbs\/thumbs_cultivo-de-maracuya-4.jpg\"\n                    width=\"100\"\n                    height=\"75\"\n                    style=\"max-width:100%;\"\n                \/>\n            <\/a>\n        <\/div>\n\t\t\t\t\t\t\t<\/div> \n\t\t\t\n\t\t\t\t<div id=\"ngg-image-8\" class=\"ngg-gallery-thumbnail-box \" >\n\t\t\t\t        <div class=\"ngg-gallery-thumbnail\">\n            <a href=\"https:\/\/frutasselectasdelvalle.com\/wp-content\/gallery\/maracuya\/cultivo-de-maracuya-5.jpg\"\n               title=\"\"\n               data-src=\"https:\/\/frutasselectasdelvalle.com\/wp-content\/gallery\/maracuya\/cultivo-de-maracuya-5.jpg\"\n               data-thumbnail=\"https:\/\/frutasselectasdelvalle.com\/wp-content\/gallery\/maracuya\/thumbs\/thumbs_cultivo-de-maracuya-5.jpg\"\n               data-image-id=\"43\"\n               data-title=\"cultivo-de-maracuya-5\"\n               data-description=\"\"\n               data-image-slug=\"cultivo-de-maracuya-5\"\n               class=\"ngg-fancybox\" rel=\"f290a644ebfe7082a20c6e233335126d\">\n                <img\n                    title=\"cultivo-de-maracuya-5\"\n                    alt=\"cultivo-de-maracuya-5\"\n                    src=\"https:\/\/frutasselectasdelvalle.com\/wp-content\/gallery\/maracuya\/thumbs\/thumbs_cultivo-de-maracuya-5.jpg\"\n                    width=\"100\"\n                    height=\"75\"\n                    style=\"max-width:100%;\"\n                \/>\n            <\/a>\n        <\/div>\n\t\t\t\t\t\t\t<\/div> \n\t\t\t\n\t\t\t\t<div id=\"ngg-image-9\" class=\"ngg-gallery-thumbnail-box \" >\n\t\t\t\t        <div class=\"ngg-gallery-thumbnail\">\n            <a href=\"https:\/\/frutasselectasdelvalle.com\/wp-content\/gallery\/maracuya\/maracuya-1.jpg\"\n               title=\"\"\n               data-src=\"https:\/\/frutasselectasdelvalle.com\/wp-content\/gallery\/maracuya\/maracuya-1.jpg\"\n               data-thumbnail=\"https:\/\/frutasselectasdelvalle.com\/wp-content\/gallery\/maracuya\/thumbs\/thumbs_maracuya-1.jpg\"\n               data-image-id=\"44\"\n               data-title=\"maracuya-1\"\n               data-description=\"\"\n               data-image-slug=\"maracuya-1\"\n               class=\"ngg-fancybox\" rel=\"f290a644ebfe7082a20c6e233335126d\">\n                <img\n                    title=\"maracuya-1\"\n                    alt=\"maracuya-1\"\n                    src=\"https:\/\/frutasselectasdelvalle.com\/wp-content\/gallery\/maracuya\/thumbs\/thumbs_maracuya-1.jpg\"\n                    width=\"100\"\n                    height=\"75\"\n                    style=\"max-width:100%;\"\n                \/>\n            <\/a>\n        <\/div>\n\t\t\t\t\t\t\t<\/div> \n\t\t\t\n\t\t\t\t<div id=\"ngg-image-10\" class=\"ngg-gallery-thumbnail-box \" >\n\t\t\t\t        <div class=\"ngg-gallery-thumbnail\">\n            <a href=\"https:\/\/frutasselectasdelvalle.com\/wp-content\/gallery\/maracuya\/maracuya-2.jpg\"\n               title=\"\"\n               data-src=\"https:\/\/frutasselectasdelvalle.com\/wp-content\/gallery\/maracuya\/maracuya-2.jpg\"\n               data-thumbnail=\"https:\/\/frutasselectasdelvalle.com\/wp-content\/gallery\/maracuya\/thumbs\/thumbs_maracuya-2.jpg\"\n               data-image-id=\"45\"\n               data-title=\"maracuya-2\"\n               data-description=\"\"\n               data-image-slug=\"maracuya-2\"\n               class=\"ngg-fancybox\" rel=\"f290a644ebfe7082a20c6e233335126d\">\n                <img\n                    title=\"maracuya-2\"\n                    alt=\"maracuya-2\"\n                    src=\"https:\/\/frutasselectasdelvalle.com\/wp-content\/gallery\/maracuya\/thumbs\/thumbs_maracuya-2.jpg\"\n                    width=\"100\"\n                    height=\"75\"\n                    style=\"max-width:100%;\"\n                \/>\n            <\/a>\n        <\/div>\n\t\t\t\t\t\t\t<\/div> \n\t\t\t\n\t\t\t\t<div id=\"ngg-image-11\" class=\"ngg-gallery-thumbnail-box \" >\n\t\t\t\t        <div class=\"ngg-gallery-thumbnail\">\n            <a href=\"https:\/\/frutasselectasdelvalle.com\/wp-content\/gallery\/maracuya\/maracuya-3.jpg\"\n               title=\"\"\n               data-src=\"https:\/\/frutasselectasdelvalle.com\/wp-content\/gallery\/maracuya\/maracuya-3.jpg\"\n               data-thumbnail=\"https:\/\/frutasselectasdelvalle.com\/wp-content\/gallery\/maracuya\/thumbs\/thumbs_maracuya-3.jpg\"\n               data-image-id=\"46\"\n               data-title=\"maracuya-3\"\n               data-description=\"\"\n               data-image-slug=\"maracuya-3\"\n               class=\"ngg-fancybox\" rel=\"f290a644ebfe7082a20c6e233335126d\">\n                <img\n                    title=\"maracuya-3\"\n                    alt=\"maracuya-3\"\n                    src=\"https:\/\/frutasselectasdelvalle.com\/wp-content\/gallery\/maracuya\/thumbs\/thumbs_maracuya-3.jpg\"\n                    width=\"100\"\n                    height=\"75\"\n                    style=\"max-width:100%;\"\n                \/>\n            <\/a>\n        <\/div>\n\t\t\t\t\t\t\t<\/div> \n\t\t\t\n\t\t\t\t<div id=\"ngg-image-12\" class=\"ngg-gallery-thumbnail-box \" >\n\t\t\t\t        <div class=\"ngg-gallery-thumbnail\">\n            <a href=\"https:\/\/frutasselectasdelvalle.com\/wp-content\/gallery\/maracuya\/maracuya-4.jpg\"\n               title=\"\"\n               data-src=\"https:\/\/frutasselectasdelvalle.com\/wp-content\/gallery\/maracuya\/maracuya-4.jpg\"\n               data-thumbnail=\"https:\/\/frutasselectasdelvalle.com\/wp-content\/gallery\/maracuya\/thumbs\/thumbs_maracuya-4.jpg\"\n               data-image-id=\"47\"\n               data-title=\"maracuya-4\"\n               data-description=\"\"\n               data-image-slug=\"maracuya-4\"\n               class=\"ngg-fancybox\" rel=\"f290a644ebfe7082a20c6e233335126d\">\n                <img\n                    title=\"maracuya-4\"\n                    alt=\"maracuya-4\"\n                    src=\"https:\/\/frutasselectasdelvalle.com\/wp-content\/gallery\/maracuya\/thumbs\/thumbs_maracuya-4.jpg\"\n                    width=\"100\"\n                    height=\"75\"\n                    style=\"max-width:100%;\"\n                \/>\n            <\/a>\n        <\/div>\n\t\t\t\t\t\t\t<\/div> \n\t\t\t\n\t\t\t\t<div id=\"ngg-image-13\" class=\"ngg-gallery-thumbnail-box \" >\n\t\t\t\t        <div class=\"ngg-gallery-thumbnail\">\n            <a href=\"https:\/\/frutasselectasdelvalle.com\/wp-content\/gallery\/maracuya\/maracuya-5.jpg\"\n               title=\"\"\n               data-src=\"https:\/\/frutasselectasdelvalle.com\/wp-content\/gallery\/maracuya\/maracuya-5.jpg\"\n               data-thumbnail=\"https:\/\/frutasselectasdelvalle.com\/wp-content\/gallery\/maracuya\/thumbs\/thumbs_maracuya-5.jpg\"\n               data-image-id=\"48\"\n               data-title=\"maracuya-5\"\n               data-description=\"\"\n               data-image-slug=\"maracuya-5\"\n               class=\"ngg-fancybox\" rel=\"f290a644ebfe7082a20c6e233335126d\">\n                <img\n                    title=\"maracuya-5\"\n                    alt=\"maracuya-5\"\n                    src=\"https:\/\/frutasselectasdelvalle.com\/wp-content\/gallery\/maracuya\/thumbs\/thumbs_maracuya-5.jpg\"\n                    width=\"100\"\n                    height=\"75\"\n                    style=\"max-width:100%;\"\n                \/>\n            <\/a>\n        <\/div>\n\t\t\t\t\t\t\t<\/div> \n\t\t\t\n\t\t\t\t<div id=\"ngg-image-14\" class=\"ngg-gallery-thumbnail-box \" >\n\t\t\t\t        <div class=\"ngg-gallery-thumbnail\">\n            <a href=\"https:\/\/frutasselectasdelvalle.com\/wp-content\/gallery\/maracuya\/maracuya-6.jpg\"\n               title=\"\"\n               data-src=\"https:\/\/frutasselectasdelvalle.com\/wp-content\/gallery\/maracuya\/maracuya-6.jpg\"\n               data-thumbnail=\"https:\/\/frutasselectasdelvalle.com\/wp-content\/gallery\/maracuya\/thumbs\/thumbs_maracuya-6.jpg\"\n               data-image-id=\"49\"\n               data-title=\"maracuya-6\"\n               data-description=\"\"\n               data-image-slug=\"maracuya-6\"\n               class=\"ngg-fancybox\" rel=\"f290a644ebfe7082a20c6e233335126d\">\n                <img\n                    title=\"maracuya-6\"\n                    alt=\"maracuya-6\"\n                    src=\"https:\/\/frutasselectasdelvalle.com\/wp-content\/gallery\/maracuya\/thumbs\/thumbs_maracuya-6.jpg\"\n                    width=\"100\"\n                    height=\"75\"\n                    style=\"max-width:100%;\"\n                \/>\n            <\/a>\n        <\/div>\n\t\t\t\t\t\t\t<\/div> \n\t\t\t\n\t\n\t<br style=\"clear: both\" \/>\n\n\t\t<div class=\"slideshowlink\">\n        <a href='https:\/\/frutasselectasdelvalle.com\/index.php\/productos\/maracuya\/nggallery\/slideshow'>[Show as slideshow]<\/a>\n\t\t\n\t<\/div>\n\t\n\t\t<!-- Pagination -->\n\t<div class='ngg-clear'><\/div>\t<\/div>\n<br \/>\n(Para ampliar dar clic sobre la foto que desea ver. Para cerrar dar nuevamente clic sobre la fotograf\u00eda. Tambi\u00e9n puede visualizar la galer\u00eda en pantalla completa dando clic en [View with PicLens] )<\/p>\n","protected":false},"excerpt":{"rendered":"<p>El maracuy\u00e1, conocida tambi\u00e9n como mburucuy\u00e1, chinola, fruta de la pasi\u00f3n, parcha, parchita o pasionaria (Passiflora edulis) es una planta trepadora del g\u00e9nero Passiflora, nativa de las regiones subtropicales de Am\u00e9rica&lt; de un sabor un poco acido y con aroma. Las Maracuy\u00e1s se originaron posiblemente en la amazonia brasile\u0144a y zonas tropicales de centro y [&hellip;]<\/p>\n","protected":false},"author":1,"featured_media":0,"parent":31,"menu_order":3,"comment_status":"open","ping_status":"open","template":"","meta":{"ngg_post_thumbnail":0},"_links":{"self":[{"href":"https:\/\/frutasselectasdelvalle.com\/index.php\/wp-json\/wp\/v2\/pages\/107"}],"collection":[{"href":"https:\/\/frutasselectasdelvalle.com\/index.php\/wp-json\/wp\/v2\/pages"}],"about":[{"href":"https:\/\/frutasselectasdelvalle.com\/index.php\/wp-json\/wp\/v2\/types\/page"}],"author":[{"embeddable":true,"href":"https:\/\/frutasselectasdelvalle.com\/index.php\/wp-json\/wp\/v2\/users\/1"}],"replies":[{"embeddable":true,"href":"https:\/\/frutasselectasdelvalle.com\/index.php\/wp-json\/wp\/v2\/comments?post=107"}],"version-history":[{"count":2,"href":"https:\/\/frutasselectasdelvalle.com\/index.php\/wp-json\/wp\/v2\/pages\/107\/revisions"}],"predecessor-version":[{"id":244,"href":"https:\/\/frutasselectasdelvalle.com\/index.php\/wp-json\/wp\/v2\/pages\/107\/revisions\/244"}],"up":[{"embeddable":true,"href":"https:\/\/frutasselectasdelvalle.com\/index.php\/wp-json\/wp\/v2\/pages\/31"}],"wp:attachment":[{"href":"https:\/\/frutasselectasdelvalle.com\/index.php\/wp-json\/wp\/v2\/media?parent=107"}],"curies":[{"name":"wp","href":"https:\/\/api.w.org\/{rel}","templated":true}]}}