{"id":109,"date":"2010-02-18T11:48:47","date_gmt":"2010-02-18T15:48:47","guid":{"rendered":"http:\/\/frutasselectasdelvalle.com\/?page_id=109"},"modified":"2010-04-07T11:39:39","modified_gmt":"2010-04-07T15:39:39","slug":"pimenton","status":"publish","type":"page","link":"https:\/\/frutasselectasdelvalle.com\/index.php\/productos\/pimenton\/","title":{"rendered":"Piment\u00f3n"},"content":{"rendered":"<p style=\"text-align: justify;\"><img loading=\"lazy\" class=\"size-full wp-image-245 aligncenter\" title=\"PIMENT\u00d3N\" src=\"http:\/\/frutasselectasdelvalle.com\/wp-content\/uploads\/2010\/02\/PIMENT\u00d3N.jpg\" alt=\"PIMENT\u00d3N\" width=\"500\" height=\"717\" srcset=\"https:\/\/frutasselectasdelvalle.com\/wp-content\/uploads\/2010\/02\/PIMENT\u00d3N.jpg 500w, https:\/\/frutasselectasdelvalle.com\/wp-content\/uploads\/2010\/02\/PIMENT\u00d3N-209x300.jpg 209w\" sizes=\"(max-width: 500px) 100vw, 500px\" \/>El pimiento es el fruto hueco de una planta herb\u00e1cea que recibe su mismo nombre. Pertenece a la familia de las Solan\u00e1ceas y, en concreto, al g\u00e9nero Capsicum. Capsicum annuum es el nombre cient\u00edfico de la especie que proporciona el condimento conocido como aj\u00ed, chile, pimiento o piment\u00f3n.<\/p>\n<p style=\"text-align: justify;\">La planta del pimiento es originaria de M\u00e9xico, Bolivia y Per\u00fa, donde adem\u00e1s del Capsicum annuum L. se cultivaban al menos otras cuatro especies.<\/p>\n<p style=\"text-align: justify;\">La planta puede ser anual, bianual, o vivir varios a\u00f1os.  Se trata de una planta de cultivo extendido por todo el mundo, es considerada una planta de huerta.  Posee una tallo lleno de ramas y \u00e9sta alcanza los 0,5\u20131,5 m. Sus flores son blancas y los frutos pueden variar de color dependiendo del grado de madurez en el que se encuentren, generalmente se suele comercializar en diferentes colores: verde, rojo y amarillo.  Mientras que la especie puede tolerar la mayor\u00eda de los climas, es especialmente productiva en zonas c\u00e1lidas y climas secos.<\/p>\n<p style=\"text-align: justify;\">El piment\u00f3n \u00f3ptimo es grueso, carnoso y de gran tama\u00f1o.  Su piel roja brillante es lisa y sin manchas, su carne firme y de sabor suave y su tallo verde y r\u00edgido. Se puede consumir crudo y asado o como ingrediente de guisos y estofados. Se comercializa fresco, desecado y en conserva. Fresco, se puede recolectar verde o ya maduro, con su caracter\u00edstico color rojo, a veces viol\u00e1ceo.<\/p>\n<p style=\"text-align: justify;\">El pimiento tiene un aporte cal\u00f3rico importante, mucha agua, fibra y casi no tiene grasas, por lo que se puede tomar en dietas de adelgazamiento. Favorece la formaci\u00f3n de col\u00e1geno, huesos y dientes.  Favorece el crecimiento de: cabello, visi\u00f3n, u\u00f1as, mucosas. Sistema inmunol\u00f3gico. Refuerza en la bajada de defensas. Ayuda a la creaci\u00f3n de gl\u00f3bulos rojos y blancos. Transmisi\u00f3n y generaci\u00f3n del impulso nervioso y muscular. Por su vitamina E como uno de los grandes antioxidantes aliados contra el c\u00e1ncer. Poder analg\u00e9sico, para artritis y reuma. Ayuda a quemar grasas: las variedades picantes, ayudan a quemar grasas. El pimiento contiene:<br \/>\n-Vitaminas: C (much\u00edsima, m\u00e1s que los c\u00edtricos) E, A, B1, B2, B3, B6.<br \/>\n-Minerales: f\u00f3sforo y magnesio, potasio,calcio<br \/>\n-Otros: \u00c1cido f\u00f3lico, carotenos, capsantina, beta carotenos.<\/p>\n<!-- default-view.php -->\n<div\n\tclass=\"ngg-galleryoverview default-view  ngg-ajax-pagination-none\"\n\tid=\"ngg-gallery-6a9685ecb67544045220d9a74bcb5501-1\">\n\n\t\t<!-- Thumbnails -->\n\t\t\t\t<div id=\"ngg-image-0\" class=\"ngg-gallery-thumbnail-box \" >\n\t\t\t\t        <div class=\"ngg-gallery-thumbnail\">\n            <a href=\"https:\/\/frutasselectasdelvalle.com\/wp-content\/gallery\/pimenton\/pimenton1.jpg\"\n               title=\"\"\n               data-src=\"https:\/\/frutasselectasdelvalle.com\/wp-content\/gallery\/pimenton\/pimenton1.jpg\"\n               data-thumbnail=\"https:\/\/frutasselectasdelvalle.com\/wp-content\/gallery\/pimenton\/thumbs\/thumbs_pimenton1.jpg\"\n               data-image-id=\"21\"\n               data-title=\"pimenton1\"\n               data-description=\"\"\n               data-image-slug=\"pimenton1\"\n               class=\"ngg-fancybox\" rel=\"6a9685ecb67544045220d9a74bcb5501\">\n                <img\n                    title=\"pimenton1\"\n                    alt=\"pimenton1\"\n                    src=\"https:\/\/frutasselectasdelvalle.com\/wp-content\/gallery\/pimenton\/thumbs\/thumbs_pimenton1.jpg\"\n                    width=\"100\"\n                    height=\"75\"\n                    style=\"max-width:100%;\"\n                \/>\n            <\/a>\n        <\/div>\n\t\t\t\t\t\t\t<\/div> \n\t\t\t\n\t\t\t\t<div id=\"ngg-image-1\" class=\"ngg-gallery-thumbnail-box \" >\n\t\t\t\t        <div class=\"ngg-gallery-thumbnail\">\n            <a href=\"https:\/\/frutasselectasdelvalle.com\/wp-content\/gallery\/pimenton\/pimenton2.jpg\"\n               title=\"\"\n               data-src=\"https:\/\/frutasselectasdelvalle.com\/wp-content\/gallery\/pimenton\/pimenton2.jpg\"\n               data-thumbnail=\"https:\/\/frutasselectasdelvalle.com\/wp-content\/gallery\/pimenton\/thumbs\/thumbs_pimenton2.jpg\"\n               data-image-id=\"22\"\n               data-title=\"pimenton2\"\n               data-description=\"\"\n               data-image-slug=\"pimenton2\"\n               class=\"ngg-fancybox\" rel=\"6a9685ecb67544045220d9a74bcb5501\">\n                <img\n                    title=\"pimenton2\"\n                    alt=\"pimenton2\"\n                    src=\"https:\/\/frutasselectasdelvalle.com\/wp-content\/gallery\/pimenton\/thumbs\/thumbs_pimenton2.jpg\"\n                    width=\"100\"\n                    height=\"75\"\n                    style=\"max-width:100%;\"\n                \/>\n            <\/a>\n        <\/div>\n\t\t\t\t\t\t\t<\/div> \n\t\t\t\n\t\t\t\t<div id=\"ngg-image-2\" class=\"ngg-gallery-thumbnail-box \" >\n\t\t\t\t        <div class=\"ngg-gallery-thumbnail\">\n            <a href=\"https:\/\/frutasselectasdelvalle.com\/wp-content\/gallery\/pimenton\/pimenton3.jpg\"\n               title=\"\"\n               data-src=\"https:\/\/frutasselectasdelvalle.com\/wp-content\/gallery\/pimenton\/pimenton3.jpg\"\n               data-thumbnail=\"https:\/\/frutasselectasdelvalle.com\/wp-content\/gallery\/pimenton\/thumbs\/thumbs_pimenton3.jpg\"\n               data-image-id=\"23\"\n               data-title=\"pimenton3\"\n               data-description=\"\"\n               data-image-slug=\"pimenton3\"\n               class=\"ngg-fancybox\" rel=\"6a9685ecb67544045220d9a74bcb5501\">\n                <img\n                    title=\"pimenton3\"\n                    alt=\"pimenton3\"\n                    src=\"https:\/\/frutasselectasdelvalle.com\/wp-content\/gallery\/pimenton\/thumbs\/thumbs_pimenton3.jpg\"\n                    width=\"81\"\n                    height=\"75\"\n                    style=\"max-width:100%;\"\n                \/>\n            <\/a>\n        <\/div>\n\t\t\t\t\t\t\t<\/div> \n\t\t\t\n\t\t\t\t<div id=\"ngg-image-3\" class=\"ngg-gallery-thumbnail-box \" >\n\t\t\t\t        <div class=\"ngg-gallery-thumbnail\">\n            <a href=\"https:\/\/frutasselectasdelvalle.com\/wp-content\/gallery\/pimenton\/pimenton4.jpg\"\n               title=\"\"\n               data-src=\"https:\/\/frutasselectasdelvalle.com\/wp-content\/gallery\/pimenton\/pimenton4.jpg\"\n               data-thumbnail=\"https:\/\/frutasselectasdelvalle.com\/wp-content\/gallery\/pimenton\/thumbs\/thumbs_pimenton4.jpg\"\n               data-image-id=\"24\"\n               data-title=\"pimenton4\"\n               data-description=\"\"\n               data-image-slug=\"pimenton4\"\n               class=\"ngg-fancybox\" rel=\"6a9685ecb67544045220d9a74bcb5501\">\n                <img\n                    title=\"pimenton4\"\n                    alt=\"pimenton4\"\n                    src=\"https:\/\/frutasselectasdelvalle.com\/wp-content\/gallery\/pimenton\/thumbs\/thumbs_pimenton4.jpg\"\n                    width=\"100\"\n                    height=\"75\"\n                    style=\"max-width:100%;\"\n                \/>\n            <\/a>\n        <\/div>\n\t\t\t\t\t\t\t<\/div> \n\t\t\t\n\t\t\t\t<div id=\"ngg-image-4\" class=\"ngg-gallery-thumbnail-box \" >\n\t\t\t\t        <div class=\"ngg-gallery-thumbnail\">\n            <a href=\"https:\/\/frutasselectasdelvalle.com\/wp-content\/gallery\/pimenton\/pimenton5.jpg\"\n               title=\"\"\n               data-src=\"https:\/\/frutasselectasdelvalle.com\/wp-content\/gallery\/pimenton\/pimenton5.jpg\"\n               data-thumbnail=\"https:\/\/frutasselectasdelvalle.com\/wp-content\/gallery\/pimenton\/thumbs\/thumbs_pimenton5.jpg\"\n               data-image-id=\"25\"\n               data-title=\"pimenton5\"\n               data-description=\"\"\n               data-image-slug=\"pimenton5\"\n               class=\"ngg-fancybox\" rel=\"6a9685ecb67544045220d9a74bcb5501\">\n                <img\n                    title=\"pimenton5\"\n                    alt=\"pimenton5\"\n                    src=\"https:\/\/frutasselectasdelvalle.com\/wp-content\/gallery\/pimenton\/thumbs\/thumbs_pimenton5.jpg\"\n                    width=\"100\"\n                    height=\"75\"\n                    style=\"max-width:100%;\"\n                \/>\n            <\/a>\n        <\/div>\n\t\t\t\t\t\t\t<\/div> \n\t\t\t\n\t\t\t\t<div id=\"ngg-image-5\" class=\"ngg-gallery-thumbnail-box \" >\n\t\t\t\t        <div class=\"ngg-gallery-thumbnail\">\n            <a href=\"https:\/\/frutasselectasdelvalle.com\/wp-content\/gallery\/pimenton\/pimenton6.jpg\"\n               title=\"\"\n               data-src=\"https:\/\/frutasselectasdelvalle.com\/wp-content\/gallery\/pimenton\/pimenton6.jpg\"\n               data-thumbnail=\"https:\/\/frutasselectasdelvalle.com\/wp-content\/gallery\/pimenton\/thumbs\/thumbs_pimenton6.jpg\"\n               data-image-id=\"26\"\n               data-title=\"pimenton6\"\n               data-description=\"\"\n               data-image-slug=\"pimenton6\"\n               class=\"ngg-fancybox\" rel=\"6a9685ecb67544045220d9a74bcb5501\">\n                <img\n                    title=\"pimenton6\"\n                    alt=\"pimenton6\"\n                    src=\"https:\/\/frutasselectasdelvalle.com\/wp-content\/gallery\/pimenton\/thumbs\/thumbs_pimenton6.jpg\"\n                    width=\"100\"\n                    height=\"75\"\n                    style=\"max-width:100%;\"\n                \/>\n            <\/a>\n        <\/div>\n\t\t\t\t\t\t\t<\/div> \n\t\t\t\n\t\t\t\t<div id=\"ngg-image-6\" class=\"ngg-gallery-thumbnail-box \" >\n\t\t\t\t        <div class=\"ngg-gallery-thumbnail\">\n            <a href=\"https:\/\/frutasselectasdelvalle.com\/wp-content\/gallery\/pimenton\/pimenton7.jpg\"\n               title=\"\"\n               data-src=\"https:\/\/frutasselectasdelvalle.com\/wp-content\/gallery\/pimenton\/pimenton7.jpg\"\n               data-thumbnail=\"https:\/\/frutasselectasdelvalle.com\/wp-content\/gallery\/pimenton\/thumbs\/thumbs_pimenton7.jpg\"\n               data-image-id=\"27\"\n               data-title=\"pimenton7\"\n               data-description=\"\"\n               data-image-slug=\"pimenton7\"\n               class=\"ngg-fancybox\" rel=\"6a9685ecb67544045220d9a74bcb5501\">\n                <img\n                    title=\"pimenton7\"\n                    alt=\"pimenton7\"\n                    src=\"https:\/\/frutasselectasdelvalle.com\/wp-content\/gallery\/pimenton\/thumbs\/thumbs_pimenton7.jpg\"\n                    width=\"100\"\n                    height=\"75\"\n                    style=\"max-width:100%;\"\n                \/>\n            <\/a>\n        <\/div>\n\t\t\t\t\t\t\t<\/div> \n\t\t\t\n\t\n\t<br style=\"clear: both\" \/>\n\n\t\t<div class=\"slideshowlink\">\n        <a href='https:\/\/frutasselectasdelvalle.com\/index.php\/productos\/pimenton\/nggallery\/slideshow'>[Show as slideshow]<\/a>\n\t\t\n\t<\/div>\n\t\n\t\t<!-- Pagination -->\n\t<div class='ngg-clear'><\/div>\t<\/div>\n<br \/>\n(Para ampliar dar clic sobre la foto que desea ver. Para cerrar dar nuevamente clic sobre la fotograf\u00eda. Tambi\u00e9n puede visualizar la galer\u00eda en pantalla completa dando clic en [View with PicLens] )<\/p>\n","protected":false},"excerpt":{"rendered":"<p>El pimiento es el fruto hueco de una planta herb\u00e1cea que recibe su mismo nombre. Pertenece a la familia de las Solan\u00e1ceas y, en concreto, al g\u00e9nero Capsicum. Capsicum annuum es el nombre cient\u00edfico de la especie que proporciona el condimento conocido como aj\u00ed, chile, pimiento o piment\u00f3n. La planta del pimiento es originaria de [&hellip;]<\/p>\n","protected":false},"author":1,"featured_media":0,"parent":31,"menu_order":4,"comment_status":"open","ping_status":"open","template":"","meta":{"ngg_post_thumbnail":0},"_links":{"self":[{"href":"https:\/\/frutasselectasdelvalle.com\/index.php\/wp-json\/wp\/v2\/pages\/109"}],"collection":[{"href":"https:\/\/frutasselectasdelvalle.com\/index.php\/wp-json\/wp\/v2\/pages"}],"about":[{"href":"https:\/\/frutasselectasdelvalle.com\/index.php\/wp-json\/wp\/v2\/types\/page"}],"author":[{"embeddable":true,"href":"https:\/\/frutasselectasdelvalle.com\/index.php\/wp-json\/wp\/v2\/users\/1"}],"replies":[{"embeddable":true,"href":"https:\/\/frutasselectasdelvalle.com\/index.php\/wp-json\/wp\/v2\/comments?post=109"}],"version-history":[{"count":2,"href":"https:\/\/frutasselectasdelvalle.com\/index.php\/wp-json\/wp\/v2\/pages\/109\/revisions"}],"predecessor-version":[{"id":246,"href":"https:\/\/frutasselectasdelvalle.com\/index.php\/wp-json\/wp\/v2\/pages\/109\/revisions\/246"}],"up":[{"embeddable":true,"href":"https:\/\/frutasselectasdelvalle.com\/index.php\/wp-json\/wp\/v2\/pages\/31"}],"wp:attachment":[{"href":"https:\/\/frutasselectasdelvalle.com\/index.php\/wp-json\/wp\/v2\/media?parent=109"}],"curies":[{"name":"wp","href":"https:\/\/api.w.org\/{rel}","templated":true}]}}