{"id":113,"date":"2010-02-18T11:50:13","date_gmt":"2010-02-18T15:50:13","guid":{"rendered":"http:\/\/frutasselectasdelvalle.com\/?page_id=113"},"modified":"2014-09-02T12:15:17","modified_gmt":"2014-09-02T16:15:17","slug":"melon","status":"publish","type":"page","link":"https:\/\/frutasselectasdelvalle.com\/index.php\/productos\/melon\/","title":{"rendered":"Mel\u00f3n"},"content":{"rendered":"<p style=\"text-align: justify;\">Este fruto nos aporta vitaminas, hidrata el cuerpo y tiene un sabor dulce muy refrescante que lo hace ideal para estos d\u00edas caluroso.<\/p>\n<p style=\"text-align: justify;\">El mel\u00f3n es el fruto de la melonera, una planta anual y herb\u00e1cea. Su origen no est\u00e1 bien definido, algunos dice que es de Asia Central y otros que viene de \u00c1frica. Lo cierto es que crece en climas c\u00e1lidos y no muy h\u00famedos, y necesita mucha luz.<\/p>\n<p style=\"text-align: justify;\">Los distintos tipos de melones tienen propiedades muy parecidas, una de las pocas diferencias relevantes es que los melones naranjos aportan m\u00e1s betacarotenos que los verdes.<\/p>\n<p style=\"text-align: justify;\">Entre los beneficios que le entrega a nuestro organismo est\u00e1n:<\/p>\n<ul>\n<li>Aporta vitamina A, lo que nos ayuda a evitar la sequedad en las mucosas y en la piel.<\/li>\n<li>Aporta vitamina E, un poderoso antioxidante que previene el c\u00e1ncer y las enfermedades cardiovasculares.<\/li>\n<li>Es muy diur\u00e9tico y act\u00faa como un laxante suave, por lo que elimina toxinas y ayuda a neutralizar la acidez.<\/li>\n<li>Previene manchas en la piel gracias a la eliminaci\u00f3n de toxinas, ya que muchas de las manchas se deben a la manifestaci\u00f3n de toxinas que se encuentran dentro de nuestro organismo.<\/li>\n<li>Aporta fibra y minerales, como potasio, calcio y zinc.<\/li>\n<li>Previene la gota, la artritis y nivela el colesterol alto.<\/li>\n<li>Est\u00e1 compuesto en un 90% por agua y aporta muy pocas calor\u00edas.<\/li>\n<\/ul>\n<p style=\"text-align: justify;\">Esta fruta es tan efectiva desintoxicando el organismo que se ocupa para realizar curas. Comiendo s\u00f3lo mel\u00f3n durante 24 horas o desayunando mel\u00f3n durante una semana, se puede limpiar el cuerpo, mejorar la apariencia y la salud de la piel y disminuir los nervios.<\/p>\n<p style=\"text-align: justify;\">El mel\u00f3n tambi\u00e9n se usa mucho en tratamientos de belleza, ya que adem\u00e1s de todos estos beneficios internos, produce varios externos. Se usa en mascarillas, cremas o simplemente aplic\u00e1ndolo machado y directamente sobre la piel. Deja la piel hidratada, suave y tonificada, y ayuda a prevenir las arrugas.<\/p>\n<p style=\"text-align: justify;\">Para elegir un mel\u00f3n hay que fijarse en que no tenga manchas, cortes o golpes en la c\u00e1scara. Tambi\u00e9n es importante que tenga un olor dulce y notorio, esto nos dir\u00e1 que est\u00e1 bien maduro. Y si tienes que escoger entre varios, ll\u00e9vate el m\u00e1s pesado, porque generalmente los melones de c\u00e1scara gruesa tienen mejor sabor.<\/p>\n<p style=\"text-align: justify;\">Gu\u00e1rdalo en el refrigerador para que dure unas dos semanas, y cuando lo hayas cortado envu\u00e9lvelo o m\u00e9telo en un pote para que no pierda sus propiedades.<\/p>\n<!-- default-view.php -->\n<div\n\tclass=\"ngg-galleryoverview default-view  ngg-ajax-pagination-none\"\n\tid=\"ngg-gallery-e5eb0528696ca6d8cd29e4f2cc91b633-1\">\n\n\t\t<!-- Thumbnails -->\n\t\t\t\t<div id=\"ngg-image-0\" class=\"ngg-gallery-thumbnail-box \" >\n\t\t\t\t        <div class=\"ngg-gallery-thumbnail\">\n            <a href=\"https:\/\/frutasselectasdelvalle.com\/wp-content\/gallery\/melon\/cultivo-melon-1.jpg\"\n               title=\"\"\n               data-src=\"https:\/\/frutasselectasdelvalle.com\/wp-content\/gallery\/melon\/cultivo-melon-1.jpg\"\n               data-thumbnail=\"https:\/\/frutasselectasdelvalle.com\/wp-content\/gallery\/melon\/thumbs\/thumbs_cultivo-melon-1.jpg\"\n               data-image-id=\"33\"\n               data-title=\"cultivo-melon-1\"\n               data-description=\"\"\n               data-image-slug=\"cultivo-melon-1\"\n               class=\"ngg-fancybox\" rel=\"e5eb0528696ca6d8cd29e4f2cc91b633\">\n                <img\n                    title=\"cultivo-melon-1\"\n                    alt=\"cultivo-melon-1\"\n                    src=\"https:\/\/frutasselectasdelvalle.com\/wp-content\/gallery\/melon\/thumbs\/thumbs_cultivo-melon-1.jpg\"\n                    width=\"100\"\n                    height=\"75\"\n                    style=\"max-width:100%;\"\n                \/>\n            <\/a>\n        <\/div>\n\t\t\t\t\t\t\t<\/div> \n\t\t\t\n\t\t\t\t<div id=\"ngg-image-1\" class=\"ngg-gallery-thumbnail-box \" >\n\t\t\t\t        <div class=\"ngg-gallery-thumbnail\">\n            <a href=\"https:\/\/frutasselectasdelvalle.com\/wp-content\/gallery\/melon\/cultivo-melon-2.jpg\"\n               title=\"\"\n               data-src=\"https:\/\/frutasselectasdelvalle.com\/wp-content\/gallery\/melon\/cultivo-melon-2.jpg\"\n               data-thumbnail=\"https:\/\/frutasselectasdelvalle.com\/wp-content\/gallery\/melon\/thumbs\/thumbs_cultivo-melon-2.jpg\"\n               data-image-id=\"34\"\n               data-title=\"cultivo-melon-2\"\n               data-description=\"\"\n               data-image-slug=\"cultivo-melon-2\"\n               class=\"ngg-fancybox\" rel=\"e5eb0528696ca6d8cd29e4f2cc91b633\">\n                <img\n                    title=\"cultivo-melon-2\"\n                    alt=\"cultivo-melon-2\"\n                    src=\"https:\/\/frutasselectasdelvalle.com\/wp-content\/gallery\/melon\/thumbs\/thumbs_cultivo-melon-2.jpg\"\n                    width=\"100\"\n                    height=\"75\"\n                    style=\"max-width:100%;\"\n                \/>\n            <\/a>\n        <\/div>\n\t\t\t\t\t\t\t<\/div> \n\t\t\t\n\t\t\t\t<div id=\"ngg-image-2\" class=\"ngg-gallery-thumbnail-box \" >\n\t\t\t\t        <div class=\"ngg-gallery-thumbnail\">\n            <a href=\"https:\/\/frutasselectasdelvalle.com\/wp-content\/gallery\/melon\/cultivo-melon-3.jpg\"\n               title=\"\"\n               data-src=\"https:\/\/frutasselectasdelvalle.com\/wp-content\/gallery\/melon\/cultivo-melon-3.jpg\"\n               data-thumbnail=\"https:\/\/frutasselectasdelvalle.com\/wp-content\/gallery\/melon\/thumbs\/thumbs_cultivo-melon-3.jpg\"\n               data-image-id=\"35\"\n               data-title=\"cultivo-melon-3\"\n               data-description=\"\"\n               data-image-slug=\"cultivo-melon-3\"\n               class=\"ngg-fancybox\" rel=\"e5eb0528696ca6d8cd29e4f2cc91b633\">\n                <img\n                    title=\"cultivo-melon-3\"\n                    alt=\"cultivo-melon-3\"\n                    src=\"https:\/\/frutasselectasdelvalle.com\/wp-content\/gallery\/melon\/thumbs\/thumbs_cultivo-melon-3.jpg\"\n                    width=\"100\"\n                    height=\"75\"\n                    style=\"max-width:100%;\"\n                \/>\n            <\/a>\n        <\/div>\n\t\t\t\t\t\t\t<\/div> \n\t\t\t\n\t\t\t\t<div id=\"ngg-image-3\" class=\"ngg-gallery-thumbnail-box \" >\n\t\t\t\t        <div class=\"ngg-gallery-thumbnail\">\n            <a href=\"https:\/\/frutasselectasdelvalle.com\/wp-content\/gallery\/melon\/cultivo-melon-4.jpg\"\n               title=\"\"\n               data-src=\"https:\/\/frutasselectasdelvalle.com\/wp-content\/gallery\/melon\/cultivo-melon-4.jpg\"\n               data-thumbnail=\"https:\/\/frutasselectasdelvalle.com\/wp-content\/gallery\/melon\/thumbs\/thumbs_cultivo-melon-4.jpg\"\n               data-image-id=\"36\"\n               data-title=\"cultivo-melon-4\"\n               data-description=\"\"\n               data-image-slug=\"cultivo-melon-4\"\n               class=\"ngg-fancybox\" rel=\"e5eb0528696ca6d8cd29e4f2cc91b633\">\n                <img\n                    title=\"cultivo-melon-4\"\n                    alt=\"cultivo-melon-4\"\n                    src=\"https:\/\/frutasselectasdelvalle.com\/wp-content\/gallery\/melon\/thumbs\/thumbs_cultivo-melon-4.jpg\"\n                    width=\"100\"\n                    height=\"75\"\n                    style=\"max-width:100%;\"\n                \/>\n            <\/a>\n        <\/div>\n\t\t\t\t\t\t\t<\/div> \n\t\t\t\n\t\t\t\t<div id=\"ngg-image-4\" class=\"ngg-gallery-thumbnail-box \" >\n\t\t\t\t        <div class=\"ngg-gallery-thumbnail\">\n            <a href=\"https:\/\/frutasselectasdelvalle.com\/wp-content\/gallery\/melon\/cultivo-melon-5.jpg\"\n               title=\"\"\n               data-src=\"https:\/\/frutasselectasdelvalle.com\/wp-content\/gallery\/melon\/cultivo-melon-5.jpg\"\n               data-thumbnail=\"https:\/\/frutasselectasdelvalle.com\/wp-content\/gallery\/melon\/thumbs\/thumbs_cultivo-melon-5.jpg\"\n               data-image-id=\"37\"\n               data-title=\"cultivo-melon-5\"\n               data-description=\"\"\n               data-image-slug=\"cultivo-melon-5\"\n               class=\"ngg-fancybox\" rel=\"e5eb0528696ca6d8cd29e4f2cc91b633\">\n                <img\n                    title=\"cultivo-melon-5\"\n                    alt=\"cultivo-melon-5\"\n                    src=\"https:\/\/frutasselectasdelvalle.com\/wp-content\/gallery\/melon\/thumbs\/thumbs_cultivo-melon-5.jpg\"\n                    width=\"100\"\n                    height=\"75\"\n                    style=\"max-width:100%;\"\n                \/>\n            <\/a>\n        <\/div>\n\t\t\t\t\t\t\t<\/div> \n\t\t\t\n\t\t\t\t<div id=\"ngg-image-5\" class=\"ngg-gallery-thumbnail-box \" >\n\t\t\t\t        <div class=\"ngg-gallery-thumbnail\">\n            <a href=\"https:\/\/frutasselectasdelvalle.com\/wp-content\/gallery\/melon\/cultivo-melon-6.jpg\"\n               title=\"\"\n               data-src=\"https:\/\/frutasselectasdelvalle.com\/wp-content\/gallery\/melon\/cultivo-melon-6.jpg\"\n               data-thumbnail=\"https:\/\/frutasselectasdelvalle.com\/wp-content\/gallery\/melon\/thumbs\/thumbs_cultivo-melon-6.jpg\"\n               data-image-id=\"38\"\n               data-title=\"cultivo-melon-6\"\n               data-description=\"\"\n               data-image-slug=\"cultivo-melon-6\"\n               class=\"ngg-fancybox\" rel=\"e5eb0528696ca6d8cd29e4f2cc91b633\">\n                <img\n                    title=\"cultivo-melon-6\"\n                    alt=\"cultivo-melon-6\"\n                    src=\"https:\/\/frutasselectasdelvalle.com\/wp-content\/gallery\/melon\/thumbs\/thumbs_cultivo-melon-6.jpg\"\n                    width=\"100\"\n                    height=\"75\"\n                    style=\"max-width:100%;\"\n                \/>\n            <\/a>\n        <\/div>\n\t\t\t\t\t\t\t<\/div> \n\t\t\t\n\t\n\t<br style=\"clear: both\" \/>\n\n\t\t<div class=\"slideshowlink\">\n        <a href='https:\/\/frutasselectasdelvalle.com\/index.php\/productos\/melon\/nggallery\/slideshow'>[Show as slideshow]<\/a>\n\t\t\n\t<\/div>\n\t\n\t\t<!-- Pagination -->\n\t<div class='ngg-clear'><\/div>\t<\/div>\n<br \/>\n(Para ampliar dar clic sobre la foto que desea ver. Para cerrar dar nuevamente clic sobre la fotograf\u00eda. Tambi\u00e9n puede visualizar la galer\u00eda en pantalla completa dando clic en [View with PicLens] )<\/p>\n","protected":false},"excerpt":{"rendered":"<p>Este fruto nos aporta vitaminas, hidrata el cuerpo y tiene un sabor dulce muy refrescante que lo hace ideal para estos d\u00edas caluroso. El mel\u00f3n es el fruto de la melonera, una planta anual y herb\u00e1cea. Su origen no est\u00e1 bien definido, algunos dice que es de Asia Central y otros que viene de \u00c1frica. [&hellip;]<\/p>\n","protected":false},"author":1,"featured_media":0,"parent":31,"menu_order":6,"comment_status":"open","ping_status":"open","template":"","meta":{"ngg_post_thumbnail":0},"_links":{"self":[{"href":"https:\/\/frutasselectasdelvalle.com\/index.php\/wp-json\/wp\/v2\/pages\/113"}],"collection":[{"href":"https:\/\/frutasselectasdelvalle.com\/index.php\/wp-json\/wp\/v2\/pages"}],"about":[{"href":"https:\/\/frutasselectasdelvalle.com\/index.php\/wp-json\/wp\/v2\/types\/page"}],"author":[{"embeddable":true,"href":"https:\/\/frutasselectasdelvalle.com\/index.php\/wp-json\/wp\/v2\/users\/1"}],"replies":[{"embeddable":true,"href":"https:\/\/frutasselectasdelvalle.com\/index.php\/wp-json\/wp\/v2\/comments?post=113"}],"version-history":[{"count":5,"href":"https:\/\/frutasselectasdelvalle.com\/index.php\/wp-json\/wp\/v2\/pages\/113\/revisions"}],"predecessor-version":[{"id":325,"href":"https:\/\/frutasselectasdelvalle.com\/index.php\/wp-json\/wp\/v2\/pages\/113\/revisions\/325"}],"up":[{"embeddable":true,"href":"https:\/\/frutasselectasdelvalle.com\/index.php\/wp-json\/wp\/v2\/pages\/31"}],"wp:attachment":[{"href":"https:\/\/frutasselectasdelvalle.com\/index.php\/wp-json\/wp\/v2\/media?parent=113"}],"curies":[{"name":"wp","href":"https:\/\/api.w.org\/{rel}","templated":true}]}}