{"id":15,"date":"2009-08-18T08:11:09","date_gmt":"2009-08-18T12:11:09","guid":{"rendered":"http:\/\/frutasselectasdelvalle.com\/?page_id=15"},"modified":"2010-02-18T11:33:46","modified_gmt":"2010-02-18T15:33:46","slug":"vision","status":"publish","type":"page","link":"https:\/\/frutasselectasdelvalle.com\/index.php\/quienes-somos\/vision\/","title":{"rendered":"Visi\u00f3n"},"content":{"rendered":"<p style=\"text-align: justify;\">Posicionarse como una de las empresas productoras, procesadoras y comercializadoras de frutas y hortalizas m\u00e1s importantes de la regi\u00f3n para el a\u00f1o 2010, contribuyendo a elevar el nivel de vida de sus trabajadores, proveedores\u00a0 y clientes.<\/p>\n","protected":false},"excerpt":{"rendered":"<p>Posicionarse como una de las empresas productoras, procesadoras y comercializadoras de frutas y hortalizas m\u00e1s importantes de la regi\u00f3n para el a\u00f1o 2010, contribuyendo a elevar el nivel de vida de sus trabajadores, proveedores\u00a0 y clientes.<\/p>\n","protected":false},"author":1,"featured_media":0,"parent":85,"menu_order":3,"comment_status":"open","ping_status":"open","template":"","meta":{"ngg_post_thumbnail":0},"_links":{"self":[{"href":"https:\/\/frutasselectasdelvalle.com\/index.php\/wp-json\/wp\/v2\/pages\/15"}],"collection":[{"href":"https:\/\/frutasselectasdelvalle.com\/index.php\/wp-json\/wp\/v2\/pages"}],"about":[{"href":"https:\/\/frutasselectasdelvalle.com\/index.php\/wp-json\/wp\/v2\/types\/page"}],"author":[{"embeddable":true,"href":"https:\/\/frutasselectasdelvalle.com\/index.php\/wp-json\/wp\/v2\/users\/1"}],"replies":[{"embeddable":true,"href":"https:\/\/frutasselectasdelvalle.com\/index.php\/wp-json\/wp\/v2\/comments?post=15"}],"version-history":[{"count":5,"href":"https:\/\/frutasselectasdelvalle.com\/index.php\/wp-json\/wp\/v2\/pages\/15\/revisions"}],"predecessor-version":[{"id":88,"href":"https:\/\/frutasselectasdelvalle.com\/index.php\/wp-json\/wp\/v2\/pages\/15\/revisions\/88"}],"up":[{"embeddable":true,"href":"https:\/\/frutasselectasdelvalle.com\/index.php\/wp-json\/wp\/v2\/pages\/85"}],"wp:attachment":[{"href":"https:\/\/frutasselectasdelvalle.com\/index.php\/wp-json\/wp\/v2\/media?parent=15"}],"curies":[{"name":"wp","href":"https:\/\/api.w.org\/{rel}","templated":true}]}}